{"id":90,"date":"2024-05-05T01:57:55","date_gmt":"2024-05-05T01:57:55","guid":{"rendered":"https:\/\/musicfi.com\/website_edf3cee7\/?page_id=90"},"modified":"2024-05-13T23:10:18","modified_gmt":"2024-05-13T23:10:18","slug":"summer-school","status":"publish","type":"page","link":"https:\/\/musicfi.com\/website_edf3cee7\/summer-school\/","title":{"rendered":"Summer School &#8211; LOP HE DO THANH NHAN"},"content":{"rendered":"\n<div class=\"wp-block-buttons is-layout-flex wp-block-buttons-is-layout-flex\">\n<div class=\"wp-block-button\"><a class=\"wp-block-button__link wp-element-button\" href=\"https:\/\/musicfi.com\/website_edf3cee7\/wp-content\/uploads\/2024\/05\/Summer_Eng-Registration-form-2024.pdf\">Download Registration Form<\/a><\/div>\n<\/div>\n\n\n<p><div class=\"forminator-ui forminator-custom-form forminator-custom-form-130 forminator-design--material  forminator_ajax\" data-forminator-render=\"0\" data-form=\"forminator-module-130\" data-uid=\"69ea1b7b55ae2\"><br\/><\/div><form\n\t\t\t\tid=\"forminator-module-130\"\n\t\t\t\tclass=\"forminator-ui forminator-custom-form forminator-custom-form-130 forminator-design--material  forminator_ajax\"\n\t\t\t\tmethod=\"post\"\n\t\t\t\tdata-forminator-render=\"0\"\n\t\t\t\tdata-form-id=\"130\"\n\t\t\t\tenctype=\"multipart\/form-data\" data-color-option=\"default\" data-design=\"material\" data-grid=\"open\" style=\"display: none;\"\n\t\t\t\tdata-uid=\"69ea1b7b55ae2\"\n\t\t\t><div role=\"alert\" aria-live=\"polite\" class=\"forminator-response-message forminator-error\" aria-hidden=\"true\"><\/div><div class=\"forminator-row\"><div id=\"upload-1\" class=\"forminator-field-upload forminator-col forminator-col-12 \"><div class=\"forminator-field\"><label for=\"forminator-field-upload-1_69ea1b7b55ae2\" id=\"forminator-field-upload-1_69ea1b7b55ae2-label\" class=\"forminator-label\">Upload Registration Form <span class=\"forminator-required\">*<\/span><\/label><div class=\"forminator-multi-upload \" data-element=\"upload-1_69ea1b7b55ae2\"><input type=\"file\" name=\"upload-1[]\" id=\"forminator-field-upload-1_69ea1b7b55ae2\" class=\"forminator-input-file-required do-validate forminator-field-upload-1_69ea1b7b55ae2-130\" multiple=\"multiple\" data-method=\"submission\" accept=\".webp,.avif,.doc,.docx,.pdf\" data-limit=\"5\" data-limit-message=\"You can upload a maximum of 5 files.\" data-size=\"8000000\" data-size-message=\"Maximum file size allowed is 8 MB. \" data-filetype=\"webp|avif|doc|docx|pdf\" data-filetype-message=\"file extension is not allowed.\"><div class=\"forminator-multi-upload-message\" aria-hidden=\"true\"><span class=\"forminator-icon-upload\" aria-hidden=\"true\"><\/span><p>Drag and Drop (or) <a class=\"forminator-upload-file--forminator-field-upload-1_69ea1b7b55ae2\" href=\"#\" onclick=\"return false;\">Choose Files<\/a><\/p><\/div><\/div><ul class=\"forminator-uploaded-files upload-container-upload-1_69ea1b7b55ae2\"><\/ul><\/div><\/div><\/div><div class=\"forminator-row\"><div id=\"textarea-1\" class=\"forminator-field-textarea forminator-col forminator-col-12 \"><div class=\"forminator-field\"><label for=\"forminator-field-textarea-1_69ea1b7b55ae2\" id=\"forminator-field-textarea-1_69ea1b7b55ae2-label\" class=\"forminator-label\">Note<\/label><textarea name=\"textarea-1\" placeholder=\"\" id=\"forminator-field-textarea-1_69ea1b7b55ae2\" class=\"forminator-textarea\" rows=\"6\" style=\"--forminator-textarea-min-height:140px;\" ><\/textarea><\/div><\/div><\/div><input type=\"hidden\" name=\"referer_url\" value=\"\" \/><div class=\"forminator-row forminator-row-last\"><div class=\"forminator-col\"><div class=\"forminator-field\"><button class=\"forminator-button forminator-button-submit\"><span>Upload<\/span><span aria-hidden=\"true\"><\/span><\/button><\/div><\/div><\/div><input type=\"hidden\" id=\"forminator_nonce\" name=\"forminator_nonce\" value=\"e21ebdf412\" \/><input type=\"hidden\" name=\"_wp_http_referer\" value=\"\/website_edf3cee7\/wp-json\/wp\/v2\/pages\/90\" \/><input type=\"hidden\" name=\"form_id\" value=\"130\"><input type=\"hidden\" name=\"page_id\" value=\"90\"><input type=\"hidden\" name=\"form_type\" value=\"default\"><input type=\"hidden\" name=\"current_url\" value=\"https:\/\/musicfi.com\/website_edf3cee7\/summer-school\/\"><input type=\"hidden\" name=\"render_id\" value=\"0\"><input type=\"hidden\" name=\"forminator-multifile-hidden\" class=\"forminator-multifile-hidden\"><input type=\"hidden\" name=\"action\" value=\"forminator_submit_form_custom-forms\"><\/form><\/p>\n\n\n\n<p class=\"\">H\u1ecdc H\u00e8 \u0110\u1ed7 Th\u00e0nh Nh\u00e2n<\/p>\n\n\n\n<p class=\"\">T\u1ea1i GX \u0110\u1ee9c M\u1eb9 L\u1ed9 \u0110\u1ee9c<\/p>\n\n\n\n<p class=\"\">Do c\u00e1c th\u1ea7y c\u00f4 v\u00e0 c\u00e1c s\u01a1 h\u01b0\u1edbng d\u1eabn.<\/p>\n\n\n\n<p class=\"\">Nh\u1eadn h\u1ecdc sinh t\u1eeb 3-14 tu\u1ed5i.<\/p>\n\n\n\n<p class=\"\">M\u1ecdi <a><\/a>chi ti\u1ebft xin li\u00ean l\u1ea1c:<\/p>\n\n\n\n<p class=\"\">\u0110\u1ed7 Ng\u1ecdc-Lam (M.Ed.)<\/p>\n\n\n\n<p class=\"\">832-277-2749<\/p>\n\n\n\n<p class=\"\">\u0110\u1ed7 Th\u00e0nh Danh (M.M.)<\/p>\n\n\n\n<p class=\"\">832-277-0197<\/p>\n","protected":false},"excerpt":{"rendered":"<p>H\u1ecdc H\u00e8 \u0110\u1ed7 Th\u00e0nh Nh\u00e2n T\u1ea1i GX \u0110\u1ee9c M\u1eb9 L\u1ed9 \u0110\u1ee9c Do c\u00e1c th\u1ea7y c\u00f4 v\u00e0 c\u00e1c s\u01a1 h\u01b0\u1edbng d\u1eabn. Nh\u1eadn h\u1ecdc sinh t\u1eeb 3-14 tu\u1ed5i. M\u1ecdi chi ti\u1ebft xin li\u00ean l\u1ea1c: \u0110\u1ed7 Ng\u1ecdc-Lam (M.Ed.) 832-277-2749 \u0110\u1ed7 Th\u00e0nh Danh (M.M.) 832-277-0197<\/p>\n","protected":false},"author":1,"featured_media":0,"parent":0,"menu_order":0,"comment_status":"closed","ping_status":"closed","template":"","meta":{"_acf_changed":false,"nf_dc_page":"","om_disable_all_campaigns":false,"_monsterinsights_skip_tracking":false,"_monsterinsights_sitenote_active":false,"_monsterinsights_sitenote_note":"","_monsterinsights_sitenote_category":0,"footnotes":""},"class_list":["post-90","page","type-page","status-publish","hentry"],"acf":[],"yoast_head":"<!-- This site is optimized with the Yoast SEO plugin v27.4 - https:\/\/yoast.com\/product\/yoast-seo-wordpress\/ -->\n<title>Summer School - LOP HE DO THANH NHAN - Music Family Institute<\/title>\n<meta name=\"robots\" content=\"index, follow, max-snippet:-1, max-image-preview:large, max-video-preview:-1\" \/>\n<link rel=\"canonical\" href=\"https:\/\/musicfi.com\/website_edf3cee7\/summer-school\/\" \/>\n<meta property=\"og:locale\" content=\"en_US\" \/>\n<meta property=\"og:type\" content=\"article\" \/>\n<meta property=\"og:title\" content=\"Summer School - LOP HE DO THANH NHAN - Music Family Institute\" \/>\n<meta property=\"og:description\" content=\"H\u1ecdc H\u00e8 \u0110\u1ed7 Th\u00e0nh Nh\u00e2n T\u1ea1i GX \u0110\u1ee9c M\u1eb9 L\u1ed9 \u0110\u1ee9c Do c\u00e1c th\u1ea7y c\u00f4 v\u00e0 c\u00e1c s\u01a1 h\u01b0\u1edbng d\u1eabn. Nh\u1eadn h\u1ecdc sinh t\u1eeb 3-14 tu\u1ed5i. M\u1ecdi chi ti\u1ebft xin li\u00ean l\u1ea1c: \u0110\u1ed7 Ng\u1ecdc-Lam (M.Ed.) 832-277-2749 \u0110\u1ed7 Th\u00e0nh Danh (M.M.) 832-277-0197\" \/>\n<meta property=\"og:url\" content=\"https:\/\/musicfi.com\/website_edf3cee7\/summer-school\/\" \/>\n<meta property=\"og:site_name\" content=\"Music Family Institute\" \/>\n<meta property=\"article:publisher\" content=\"https:\/\/www.facebook.com\/MusicFamilyInstitute\" \/>\n<meta property=\"article:modified_time\" content=\"2024-05-13T23:10:18+00:00\" \/>\n<meta name=\"twitter:card\" content=\"summary_large_image\" \/>\n<meta name=\"twitter:label1\" content=\"Est. reading time\" \/>\n\t<meta name=\"twitter:data1\" content=\"1 minute\" \/>\n<script type=\"application\/ld+json\" class=\"yoast-schema-graph\">{\"@context\":\"https:\\\/\\\/schema.org\",\"@graph\":[{\"@type\":\"WebPage\",\"@id\":\"https:\\\/\\\/musicfi.com\\\/website_edf3cee7\\\/summer-school\\\/\",\"url\":\"https:\\\/\\\/musicfi.com\\\/website_edf3cee7\\\/summer-school\\\/\",\"name\":\"Summer School - LOP HE DO THANH NHAN - Music Family Institute\",\"isPartOf\":{\"@id\":\"https:\\\/\\\/musicfi.com\\\/website_edf3cee7\\\/#website\"},\"datePublished\":\"2024-05-05T01:57:55+00:00\",\"dateModified\":\"2024-05-13T23:10:18+00:00\",\"breadcrumb\":{\"@id\":\"https:\\\/\\\/musicfi.com\\\/website_edf3cee7\\\/summer-school\\\/#breadcrumb\"},\"inLanguage\":\"en-US\",\"potentialAction\":[{\"@type\":\"ReadAction\",\"target\":[\"https:\\\/\\\/musicfi.com\\\/website_edf3cee7\\\/summer-school\\\/\"]}]},{\"@type\":\"BreadcrumbList\",\"@id\":\"https:\\\/\\\/musicfi.com\\\/website_edf3cee7\\\/summer-school\\\/#breadcrumb\",\"itemListElement\":[{\"@type\":\"ListItem\",\"position\":1,\"name\":\"Home\",\"item\":\"https:\\\/\\\/musicfi.com\\\/website_edf3cee7\\\/\"},{\"@type\":\"ListItem\",\"position\":2,\"name\":\"Summer School &#8211; LOP HE DO THANH NHAN\"}]},{\"@type\":\"WebSite\",\"@id\":\"https:\\\/\\\/musicfi.com\\\/website_edf3cee7\\\/#website\",\"url\":\"https:\\\/\\\/musicfi.com\\\/website_edf3cee7\\\/\",\"name\":\"Music Family Institute\",\"description\":\"L\u1edbp H\u00e8 \u0110\u1ed7 Th\u00e0nh Nh\u00e2n\\nT\u1ea1i GX. \u0110\u1ee9c M\u1eb9 L\u1ed9 \u0110\u1ee9c\\nM\u1ecdi chi ti\u1ebft li\u00ean l\u1ea1c c\u00f4 \u0110\u1ed7 832-277-2749\",\"publisher\":{\"@id\":\"https:\\\/\\\/musicfi.com\\\/website_edf3cee7\\\/#organization\"},\"potentialAction\":[{\"@type\":\"SearchAction\",\"target\":{\"@type\":\"EntryPoint\",\"urlTemplate\":\"https:\\\/\\\/musicfi.com\\\/website_edf3cee7\\\/?s={search_term_string}\"},\"query-input\":{\"@type\":\"PropertyValueSpecification\",\"valueRequired\":true,\"valueName\":\"search_term_string\"}}],\"inLanguage\":\"en-US\"},{\"@type\":\"Organization\",\"@id\":\"https:\\\/\\\/musicfi.com\\\/website_edf3cee7\\\/#organization\",\"name\":\"Music Family Institute\",\"url\":\"https:\\\/\\\/musicfi.com\\\/website_edf3cee7\\\/\",\"logo\":{\"@type\":\"ImageObject\",\"inLanguage\":\"en-US\",\"@id\":\"https:\\\/\\\/musicfi.com\\\/website_edf3cee7\\\/#\\\/schema\\\/logo\\\/image\\\/\",\"url\":\"https:\\\/\\\/i0.wp.com\\\/musicfi.com\\\/website_edf3cee7\\\/wp-content\\\/uploads\\\/2024\\\/05\\\/MFI_logo.jpg?fit=750%2C750&ssl=1\",\"contentUrl\":\"https:\\\/\\\/i0.wp.com\\\/musicfi.com\\\/website_edf3cee7\\\/wp-content\\\/uploads\\\/2024\\\/05\\\/MFI_logo.jpg?fit=750%2C750&ssl=1\",\"width\":750,\"height\":750,\"caption\":\"Music Family Institute\"},\"image\":{\"@id\":\"https:\\\/\\\/musicfi.com\\\/website_edf3cee7\\\/#\\\/schema\\\/logo\\\/image\\\/\"},\"sameAs\":[\"https:\\\/\\\/www.facebook.com\\\/MusicFamilyInstitute\"]}]}<\/script>\n<!-- \/ Yoast SEO plugin. -->","yoast_head_json":{"title":"Summer School - LOP HE DO THANH NHAN - Music Family Institute","robots":{"index":"index","follow":"follow","max-snippet":"max-snippet:-1","max-image-preview":"max-image-preview:large","max-video-preview":"max-video-preview:-1"},"canonical":"https:\/\/musicfi.com\/website_edf3cee7\/summer-school\/","og_locale":"en_US","og_type":"article","og_title":"Summer School - LOP HE DO THANH NHAN - Music Family Institute","og_description":"H\u1ecdc H\u00e8 \u0110\u1ed7 Th\u00e0nh Nh\u00e2n T\u1ea1i GX \u0110\u1ee9c M\u1eb9 L\u1ed9 \u0110\u1ee9c Do c\u00e1c th\u1ea7y c\u00f4 v\u00e0 c\u00e1c s\u01a1 h\u01b0\u1edbng d\u1eabn. Nh\u1eadn h\u1ecdc sinh t\u1eeb 3-14 tu\u1ed5i. M\u1ecdi chi ti\u1ebft xin li\u00ean l\u1ea1c: \u0110\u1ed7 Ng\u1ecdc-Lam (M.Ed.) 832-277-2749 \u0110\u1ed7 Th\u00e0nh Danh (M.M.) 832-277-0197","og_url":"https:\/\/musicfi.com\/website_edf3cee7\/summer-school\/","og_site_name":"Music Family Institute","article_publisher":"https:\/\/www.facebook.com\/MusicFamilyInstitute","article_modified_time":"2024-05-13T23:10:18+00:00","twitter_card":"summary_large_image","twitter_misc":{"Est. reading time":"1 minute"},"schema":{"@context":"https:\/\/schema.org","@graph":[{"@type":"WebPage","@id":"https:\/\/musicfi.com\/website_edf3cee7\/summer-school\/","url":"https:\/\/musicfi.com\/website_edf3cee7\/summer-school\/","name":"Summer School - LOP HE DO THANH NHAN - Music Family Institute","isPartOf":{"@id":"https:\/\/musicfi.com\/website_edf3cee7\/#website"},"datePublished":"2024-05-05T01:57:55+00:00","dateModified":"2024-05-13T23:10:18+00:00","breadcrumb":{"@id":"https:\/\/musicfi.com\/website_edf3cee7\/summer-school\/#breadcrumb"},"inLanguage":"en-US","potentialAction":[{"@type":"ReadAction","target":["https:\/\/musicfi.com\/website_edf3cee7\/summer-school\/"]}]},{"@type":"BreadcrumbList","@id":"https:\/\/musicfi.com\/website_edf3cee7\/summer-school\/#breadcrumb","itemListElement":[{"@type":"ListItem","position":1,"name":"Home","item":"https:\/\/musicfi.com\/website_edf3cee7\/"},{"@type":"ListItem","position":2,"name":"Summer School &#8211; LOP HE DO THANH NHAN"}]},{"@type":"WebSite","@id":"https:\/\/musicfi.com\/website_edf3cee7\/#website","url":"https:\/\/musicfi.com\/website_edf3cee7\/","name":"Music Family Institute","description":"L\u1edbp H\u00e8 \u0110\u1ed7 Th\u00e0nh Nh\u00e2n\nT\u1ea1i GX. \u0110\u1ee9c M\u1eb9 L\u1ed9 \u0110\u1ee9c\nM\u1ecdi chi ti\u1ebft li\u00ean l\u1ea1c c\u00f4 \u0110\u1ed7 832-277-2749","publisher":{"@id":"https:\/\/musicfi.com\/website_edf3cee7\/#organization"},"potentialAction":[{"@type":"SearchAction","target":{"@type":"EntryPoint","urlTemplate":"https:\/\/musicfi.com\/website_edf3cee7\/?s={search_term_string}"},"query-input":{"@type":"PropertyValueSpecification","valueRequired":true,"valueName":"search_term_string"}}],"inLanguage":"en-US"},{"@type":"Organization","@id":"https:\/\/musicfi.com\/website_edf3cee7\/#organization","name":"Music Family Institute","url":"https:\/\/musicfi.com\/website_edf3cee7\/","logo":{"@type":"ImageObject","inLanguage":"en-US","@id":"https:\/\/musicfi.com\/website_edf3cee7\/#\/schema\/logo\/image\/","url":"https:\/\/i0.wp.com\/musicfi.com\/website_edf3cee7\/wp-content\/uploads\/2024\/05\/MFI_logo.jpg?fit=750%2C750&ssl=1","contentUrl":"https:\/\/i0.wp.com\/musicfi.com\/website_edf3cee7\/wp-content\/uploads\/2024\/05\/MFI_logo.jpg?fit=750%2C750&ssl=1","width":750,"height":750,"caption":"Music Family Institute"},"image":{"@id":"https:\/\/musicfi.com\/website_edf3cee7\/#\/schema\/logo\/image\/"},"sameAs":["https:\/\/www.facebook.com\/MusicFamilyInstitute"]}]}},"jetpack_sharing_enabled":true,"_links":{"self":[{"href":"https:\/\/musicfi.com\/website_edf3cee7\/wp-json\/wp\/v2\/pages\/90","targetHints":{"allow":["GET"]}}],"collection":[{"href":"https:\/\/musicfi.com\/website_edf3cee7\/wp-json\/wp\/v2\/pages"}],"about":[{"href":"https:\/\/musicfi.com\/website_edf3cee7\/wp-json\/wp\/v2\/types\/page"}],"author":[{"embeddable":true,"href":"https:\/\/musicfi.com\/website_edf3cee7\/wp-json\/wp\/v2\/users\/1"}],"replies":[{"embeddable":true,"href":"https:\/\/musicfi.com\/website_edf3cee7\/wp-json\/wp\/v2\/comments?post=90"}],"version-history":[{"count":5,"href":"https:\/\/musicfi.com\/website_edf3cee7\/wp-json\/wp\/v2\/pages\/90\/revisions"}],"predecessor-version":[{"id":158,"href":"https:\/\/musicfi.com\/website_edf3cee7\/wp-json\/wp\/v2\/pages\/90\/revisions\/158"}],"wp:attachment":[{"href":"https:\/\/musicfi.com\/website_edf3cee7\/wp-json\/wp\/v2\/media?parent=90"}],"curies":[{"name":"wp","href":"https:\/\/api.w.org\/{rel}","templated":true}]}}